{"id":1117,"date":"2018-05-30T15:02:01","date_gmt":"2018-05-30T13:02:01","guid":{"rendered":"http:\/\/radoslawpiontek.com\/?page_id=1117"},"modified":"2018-05-30T15:06:18","modified_gmt":"2018-05-30T13:06:18","slug":"polityka-ochrony-prywatnosci","status":"publish","type":"page","link":"http:\/\/radoslawpiontek.com\/index.php\/polityka-ochrony-prywatnosci\/","title":{"rendered":"Polityka ochrony prywatno\u015bci"},"content":{"rendered":"<p><strong>Polityka ochrony prywatno\u015bci<\/strong><\/p>\n<p>&nbsp;<\/p>\n<p>W trosce o zachowanie prawa do prywatno\u015bci\u00a0klient\u00f3w i wsp\u00f3\u0142pracownik\u00f3w\u00a0RAD oraz wype\u0142nienia wymog\u00f3w wynikaj\u0105cych z przepis\u00f3w prawa, z siedzib\u0105 w Warszawie, adres korespondencyjny: ul. G\u00f3rska 4a\/39, 00-740 Warszawa, publikuje dokument, w kt\u00f3rym wyja\u015bnia i informuje o sposobie, w jaki dane przekazane przez klient\u00f3w, wsp\u00f3\u0142pracownik\u00f3w i u\u017cytkownik\u00f3w stron internetowych (zwanych dalej \u201eU\u017cytkownikami\u201d) s\u0105 gromadzone, przetwarzane i zabezpieczane.<\/p>\n<p>&nbsp;<\/p>\n<p><strong>Informacje og\u00f3lne\u00a0<\/strong><\/p>\n<p>Przywi\u0105zujemy du\u017c\u0105 wag\u0119 do ochrony Pani\/Pana danych osobowych i post\u0119powania z nimi zgodnie z odpowiednimi przepisami prawa, w szczeg\u00f3lno\u015bci zgodnie z Og\u00f3lnym Rozporz\u0105dzeniem o Ochronie Danych Osobowych z dnia 27 kwietnia 2016 r. (\u201eRODO\u201d). Naszym celem jest zapewnienie\u00a0Pani\/Panu\u00a0kontroli nad przetwarzaniem przez nas Pani\/Pana danych osobowych oraz udost\u0119pnienie narz\u0119dzi pozwalaj\u0105cych efektywnie wykona\u0107 przys\u0142uguj\u0105ce Pani\/Panu prawa.<\/p>\n<p>Poni\u017cej przedstawiamy informacje na temat tego w jaki spos\u00f3b przetwarzamy Pani\/Pana dane osobowe, jak dbamy o ich bezpiecze\u0144stwo i komu je udost\u0119pniamy. W razie, gdyby mia\u0142a Pani\/ mia\u0142 Pan\u00a0 dodatkowe pytania dotycz\u0105ce tego, jak korzystamy z Pani\/Pana danych osobowych, prosz\u0119 nie waha\u0107 si\u0119 do nas napisa\u0107 na adres e-mail:\u00a0rado@radoslawpiontek.com.<\/p>\n<p>&nbsp;<\/p>\n<p><strong>Wyra\u017cenie zgody na niniejsz\u0105 polityk\u0119 ochrony prywatno\u015bci<\/strong><\/p>\n<p>Korzystanie z us\u0142ug RAD oznacza zgod\u0119 na niniejsze warunki polityki ochrony prywatno\u015bci. Je\u017celi nie zgadza si\u0119 Pani\/Pan z kt\u00f3rymkolwiek zapisem polityki, radzimy nie przesy\u0142a\u0107 informacji osobistych.<\/p>\n<p>&nbsp;<\/p>\n<p><strong>Kto jest administratorem\u00a0Pani\/Pana danych osobowych?\u00a0<\/strong><\/p>\n<p>Administratorem Pani\/Pana danych osobowych jest RAD oraz wype\u0142nienia wymog\u00f3w wynikaj\u0105cych z przepis\u00f3w prawa, z siedzib\u0105 w Warszawie, adres korespondencyjny: ul. G\u00f3rska 4a\/39, 00-740 Warszawa.<\/p>\n<p>W sprawach zwi\u0105zanych z Pani\/Pana danymi prosz\u0119 kontaktowa\u0107 si\u0119 z Inspektorem Ochrony Danych \u2013\u00a0rado@radoslawpiontek.com.<\/p>\n<p>&nbsp;<\/p>\n<p><strong>Jak przetwarzamy Pani\/Pana dane osobowe?<\/strong><\/p>\n<p>Dane s\u0105 przetwarzane w celu:<\/p>\n<ul>\n<li>Dostarczania us\u0142ug przez RAD na podstawie zgody w\u0142a\u015bciciela danych, r\u00f3wnie\u017c drog\u0105 elektroniczn\u0105.<\/li>\n<li>Kontaktowania si\u0119 z Pani\u0105\/Panem, w tym w celach zwi\u0105zanych ze \u015bwiadczeniem us\u0142ug.<\/li>\n<li>Kontaktowanie si\u0119 z Pani\u0105\/Panem, w tym w celach zwi\u0105zanych z dozwolonymi dzia\u0142aniami marketingowymi us\u0142ug RAD, poprzez dost\u0119pne kana\u0142y komunikacji, w szczeg\u00f3lno\u015bci i za Pani\/Pana zgod\u0105 &#8211; przez e-mail oraz telefon.<\/li>\n<li>Obs\u0142ugi Pani\/Pana pr\u00f3\u015bb przekazywanych bezpo\u015brednio pracownikom RAD oraz przez formularz kontaktowy w sytuacji, gdy nie s\u0105 one zwi\u0105zane wprost z wykonaniem us\u0142ug.<\/li>\n<li>Windykacji nale\u017cno\u015bci; prowadzenia post\u0119powa\u0144 s\u0105dowych, arbitra\u017cowych i mediacyjnych.<\/li>\n<li>Przechowywanie danych dla cel\u00f3w archiwizacyjnych, oraz zapewnienie rozliczalno\u015bci czyli wykazania spe\u0142nienia przez nas obowi\u0105zk\u00f3w wynikaj\u0105cych z przepis\u00f3w prawa.<\/li>\n<li>Dodatkowo, przepisy prawa wymagaj\u0105 od nas przetwarzania Pani\/Pana danych dla cel\u00f3w podatkowych i rachunkowych.<\/li>\n<li>W celach statystycznych dla wewn\u0119trznych potrzeb\u00a0RAD \u2013 w tym wypadku podstaw\u0105 przetwarzania b\u0119dzie\u00a0uzasadniony interes Administratora, a dane statystyczne wynikaj\u0105ce z przetwarzania\u00a0Pani\/Pana danych w tym celu nie b\u0119d\u0105 udost\u0119pniane innym podmiotom.<\/li>\n<li>Je\u017celi wyrazi Pani\/Pan na to odr\u0119bn\u0105 zgod\u0119, tak\u017ce w celu wysy\u0142ania ofert zwi\u0105zanych ze \u015bwiadczonymi przez\u00a0RAD us\u0142ugami, w tym newsletter\u00f3w, na podany przez\u00a0Pani\u0105\/Pana adres e-mail \u2013 w tym wypadku podstaw\u0105 przetwarzania jest Pani\/Pana zgoda, kt\u00f3r\u0105 mo\u017cesz wycofa\u0107 w ka\u017cdym czasie kontaktuj\u0105c si\u0119 z nami; pami\u0119taj jednak, \u017ce przetwarzanie przez nas Pani\u0105\/Pana danych do czasu cofni\u0119cia przez Ciebie zgody b\u0119dzie zgodne z prawem,<\/li>\n<li>W celu archiwizacji potwierdzenia wykonania przez\u00a0RAD jej obowi\u0105zk\u00f3w wynikaj\u0105cych z przepis\u00f3w o ochronie danych osobowych oraz dochodzenia roszcze\u0144 lub obrony przed roszczeniami, kt\u00f3re mog\u0105 by\u0107 kierowane przeciwko RAD\u2013 podstaw\u0105 przetwarzania\u00a0Pani\/Pana danych w tym przypadku b\u0119dzie prawnie\u00a0uzasadniony interes\u00a0RAD jakim jest ochrona praw, potwierdzenie wykonania obowi\u0105zk\u00f3w i uzyskanie z tego tytu\u0142u nale\u017cnego wynagrodzenia od klient\u00f3w RAD od jego zleceniodawc\u00f3w.<\/li>\n<\/ul>\n<p>Przetwarzamy przekazane przez Pani\u0105\/Pana dane osobowe wy\u0142\u0105cznie do cel\u00f3w, do w jakich zosta\u0142y zebrane i nie b\u0119dziemy przetwarza\u0107 w innych celach, chyba, \u017ce wyrazi Pani\/Pan na to odr\u0119bn\u0105, \u015bwiadom\u0105 zgod\u0119.<\/p>\n<p>Przetwarzamy\u00a0Pani\/Pana dane zgodnie z prawem dbaj\u0105c o to, aby pozosta\u0142y aktualne i prawid\u0142owe. Dlatego co pewien czas przypomnimy Pani\/Panu o konieczno\u015bci\/mo\u017cliwo\u015bci aktualizacji danych wysy\u0142aj\u0105c wiadomo\u015b\u0107 na podany przez\u00a0Pani\u0105\/Pana adres e-mail.<\/p>\n<p>&nbsp;<\/p>\n<p><strong>Komu b\u0119dziemy udost\u0119pnia\u0107\u00a0Pani\/Pana dane osobowe?\u00a0<\/strong><\/p>\n<p>Dane mog\u0105 by\u0107 udost\u0119pniane tylko osobom zaanga\u017cowanym w realizacj\u0119 us\u0142ug RAD. Pani\/Pana dane osobowe udost\u0119pniamy stronom transakcji, zawartymi z RAD oraz podmiotom wspieraj\u0105cym nas w \u015bwiadczeniu us\u0142ug, czyli takim, kt\u00f3re zapewniaj\u0105 us\u0142ugi p\u0142atnicze, kredytowe, ubezpieczeniowe, wykonuj\u0105 us\u0142ugi konsultingowe lub audytowe, wspomagaj\u0105 obs\u0142ug\u0119 klient\u00f3w RAD, wspieraj\u0105 promocj\u0119 ofert, wsp\u00f3\u0142pracuj\u0105 w ramach kampanii marketingowych.<\/p>\n<p>&nbsp;<\/p>\n<p><strong>Czy b\u0119dziemy przekazywa\u0107 Pani\/Pana dane poza obszar Unii Europejskiej?<\/strong><\/p>\n<p>Nie b\u0119dziemy przekazywa\u0107\u00a0Pani\/Pana danych osobowych do pa\u0144stw trzecich, tj. pa\u0144stw spoza Europejskiego Obszaru Gospodarczego, chyba \u017ce poprzez zlokalizowanie u\u017cywanych przez RAD p\u0142atnych serwer\u00f3w z bazami danych:<\/p>\n<ul>\n<li>Microsoft OneDrive &#8211;\u00a0<a href=\"https:\/\/www.microsoft.com\/en-us\/TrustCenter\/Privacy\/where-your-data-is-located;\">https:\/\/www.microsoft.com\/en-us\/TrustCenter\/Privacy\/where-your-data-is-located<\/a>\u00a0i\u00a0<a href=\"https:\/\/products.office.com\/pl-PL\/where-is-your-data-located?ms.officeurl=datamaps&amp;geo=Europe#Europe\">https:\/\/products.office.com\/pl-PL\/where-is-your-data-located?ms.officeurl=datamaps&amp;geo=Europe#Europe<\/a><\/li>\n<\/ul>\n<p>lub poprzez u\u017cywanie oprogramowania Google Analytics. Serwis\u00a0radoslawpiontek.com korzysta z us\u0142ugi Google Analytics oferowanej przez firm\u0119 Google Inc. z siedzib\u0105 w Stanach Zjednoczonych. Us\u0142uga ta korzysta z plik\u00f3w <em>cookies<\/em> zapisanych w Pani\/Pana komputerze, a dane te s\u0105\u00a0przesy\u0142ane i zapisywane\u00a0na serwerach\u00a0firmy Google. Umo\u017cliwia to prowadzenie statystyk serwisu oraz\u00a0analiz\u0119 zachowania u\u017cytkownik\u00f3w.\u00a0 Informujemy, \u017ce firmie Google nie s\u0105 przekazywane Pani\/Pana dane osobowe, a jedynie pliki <em>cookies<\/em> z informacjami dotycz\u0105cymi korzystania z serwisu. Nie jest mo\u017cliwe powi\u0105zanie sposobu zachowania u\u017cytkownika w serwisie z jego danymi osobowymi.<\/p>\n<p>Pani\/Pana dane NIE b\u0119d\u0105 przekazane \u017cadnej organizacji mi\u0119dzynarodowej.<\/p>\n<p>&nbsp;<\/p>\n<p><strong>Profilowanie<\/strong><\/p>\n<p>RAD NIE stosuje zautomatyzowanego podejmowania decyzji, w tym profilowania uzyskanych danych, do realizacji swoich us\u0142ug.<\/p>\n<p>&nbsp;<\/p>\n<p><strong>Informacje o korzystaniu przez serwis z plik\u00f3w \u201ecookies\u201d\u00a0<\/strong><\/p>\n<p>Pliki cookies (cz\u0119sto t\u0142umaczone na j\u0119zyk polski jako \u201eciasteczka\u201d) to pliki tekstowe przechowywane w Pani\/Pana komputerach oraz programach wykorzystywanych do poruszania si\u0119 po Internecie (np. przegl\u0105darki internetowe). Pliki te pozwalaj\u0105 rozpozna\u0107 urz\u0105dzenie, z kt\u00f3rego korzysta dany u\u017cytkownik, oraz informacje zwi\u0105zane z korzystaniem ze stron internetowych. Plik cookie zawiera najcz\u0119\u015bciej nazw\u0119 strony internetowej, z kt\u00f3rej pochodzi, czas przechowywania na urz\u0105dzeniu oraz unikalny identyfikator numeryczny.<\/p>\n<p>Serwis\u00a0RADumieszcza w Pa\u0144stwa komputerach pliki cookie, a nast\u0119pnie wykorzystuje je przy kolejnych odwiedzinach serwisu.<\/p>\n<p>Pliki cookies s\u0105 u\u017cywane przez serwis radoslawpiontek.com w celu:<\/p>\n<p>\u2013 dostosowania zawarto\u015bci oraz funkcjonalno\u015bci oferowanych w serwisie do indywidualnych preferencji u\u017cytkownika ;<br \/>\n\u2013 prowadzenia statystyk dotycz\u0105cych zachowania u\u017cytkownik\u00f3w w serwisie, co pozwala optymalizowa\u0107 jego zawarto\u015b\u0107 i funkcjonalno\u015bci;<br \/>\n\u2013 utrzymania tzw. sesji u\u017cytkownika po jego zalogowaniu, dzi\u0119ki czemu nie jest koniecznie ponowne logowanie po przej\u015bciu na podstrony lub ponownych odwiedzinach serwisu.<\/p>\n<p>Standardowo programy s\u0142u\u017c\u0105ce do przegl\u0105dania stron internetowych domy\u015blnie dopuszczaj\u0105 zapisywanie plik\u00f3w cookies w komputerze.<\/p>\n<p>W ka\u017cdej chwili mo\u017ce Pani\/Pan zmieni\u0107 spos\u00f3b korzystania z tych plik\u00f3w, np. wy\u0142\u0105czy\u0107 automatyczn\u0105 obs\u0142ug\u0119 cookies. W tym celu nale\u017cy zmieni\u0107 ustawienia prywatno\u015bci w przegl\u0105darce internetowej, z kt\u00f3rej Pani\/Pan kt\u00f3ry.<\/p>\n<p><strong>Jak d\u0142ugo b\u0119dziemy przetwarza\u0107 Pani\/Pana dane osobowe?\u00a0<\/strong><\/p>\n<p>Dane b\u0119d\u0105 przechowywane przez okres do 10 lat. Przechowujemy Pani\/Pana dane osobowe w celach:<\/p>\n<ul>\n<li>Dochodzenia roszcze\u0144 w zwi\u0105zku z wykonywaniem us\u0142ug.<\/li>\n<li>Wykonania obowi\u0105zk\u00f3w wynikaj\u0105cych z przepis\u00f3w prawa, w tym w szczeg\u00f3lno\u015bci podatkowych i rachunkowych.<\/li>\n<li>Zapobiegania nadu\u017cyciom i oszustwom.<\/li>\n<li>Statystycznych i archiwizacyjnych.<\/li>\n<\/ul>\n<p>Po tym czasie dane s\u0105 usuwane lub anonimizowane w taki spos\u00f3b, i\u017c nie jest mo\u017cliwe ustalenie to\u017csamo\u015bci U\u017cytkownika.<\/p>\n<p>&nbsp;<\/p>\n<p><strong>Jak zabezpieczamy\u00a0Pani\/Pana dane?\u00a0<\/strong><\/p>\n<p>Stosujemy szereg zabezpiecze\u0144 informatycznych i fizycznych maj\u0105cych na celu zminimalizowanie ryzyka wycieku danych, ich zniszczenia albo dezintegracji, takich jak: system firewall, systemy zabezpiecze\u0144 antywirusowych, wewn\u0119trzne procedury dost\u0119pu i przetwarzania danych, r\u00f3wnie\u017c na komputerach u\u017cywanych przez pracownik\u00f3w RAD.<\/p>\n<p>&nbsp;<\/p>\n<p><strong>Jakie przys\u0142uguj\u0105 Pani\/Panu prawa w zwi\u0105zku z przetwarzaniem przez nas danych?<\/strong><\/p>\n<p>Zgodnie z RODO przys\u0142uguje\u00a0Pani\/Panu szereg praw w zwi\u0105zku z przekazaniem nam\u00a0Pani\/Pana danych osobowych, takich jak:<\/p>\n<ol>\n<li>Prawo do informacji, w jaki spos\u00f3b s\u0105 przetwarzane\u00a0Pani\/Pana dane osobowe \u2013 w razie pyta\u0144 dotycz\u0105cych tego, czy i jak przetwarzamy\u00a0Pani\/Pana dane prosimy o skontaktowanie si\u0119 z nami, np. przesy\u0142aj\u0105c wiadomo\u015b\u0107 na adres e-mail: rado@radoslawpiontek.com.<\/li>\n<li>Prawo do dost\u0119pu i aktualizacji danych \u2013 zawsze ma Pani\/Pan dost\u0119p do przekazanych nam danych osobowych i mo\u017cliwo\u015b\u0107 ich aktualizowania.<\/li>\n<li>Prawo do usuni\u0119cia danych \u2013 je\u017celi Pani\/Pan wyrazi ch\u0119\u0107, aby\u015bmy przestali przetwarza\u0107\u00a0przekazane nam dane, prosimy o przekazanie takiej pro\u015bby.<\/li>\n<li>Prawo do \u017c\u0105dania ograniczenia przetwarzania\u00a0Pani\/Pana danych.<\/li>\n<li>Prawo do zg\u0142oszenia sprzeciwu co do przetwarzania\u00a0Pani\/Pana danych.<\/li>\n<li>Prawo do przeniesienia danych (w szczeg\u00f3lno\u015bci historii transakcji), je\u017celi przetwarzanie odbywa si\u0119 na podstawie umowy lub\u00a0Pani\/Pana zgody.<\/li>\n<\/ol>\n<p>&nbsp;<\/p>\n<p><strong>W jakim czasie b\u0119d\u0105 realizowane\u00a0Pani\/Pana prawa?\u00a0<\/strong><\/p>\n<p>Staramy si\u0119 jak najszybciej zrealizowa\u0107 zg\u0142oszone przez Pani\u0105\/Pana \u017c\u0105dania oraz udziela\u0107 odpowiedzi na otrzymane zapytania dotycz\u0105ce\u00a0Pani\/Pana danych. W ka\u017cdym wypadku odpowiedzi udzielimy nie p\u00f3\u017aniej ni\u017c w terminie 30 dni od dnia otrzymania\u00a0Pani\/Pana \u017c\u0105dania. Je\u017celi ze wzgl\u0119du na okoliczno\u015bci od nas niezale\u017cne nie b\u0119dziemy w stanie dotrzyma\u0107 ww. terminu, poinformujemy\u00a0Pani\u0105\/Pana o tym i wyja\u015bnimy przyczyny op\u00f3\u017anienia. Je\u017celi b\u0119dziemy mieli w\u0105tpliwo\u015bci co do tego czy to Pani\/Pan zg\u0142asza okre\u015blone \u017c\u0105danie, mo\u017cemy zada\u0107 kilka dodatkowych pyta\u0144, w celu weryfikacji to\u017csamo\u015bci.<\/p>\n<p>Ma Pan\/Pani prawo do wniesienia sprzeciwu wobec dalszego przetwarzania, a w przypadku wyra\u017cenia zgody na przetwarzanie danych do jej wycofanie. Skorzystanie z prawa cofni\u0119cia zgody nie ma wp\u0142ywu na przetwarzanie, kt\u00f3re mia\u0142o miejsce do momentu wycofania zgody.<\/p>\n<p>&nbsp;<\/p>\n<p><strong>Kontakt oraz prawo wniesienia skargi<\/strong><\/p>\n<p>Pytania, wnioski i uwagi odno\u015bnie zasad polityki prywatno\u015bci oraz przetwarzania Pani\/Pana danych przez RAD nale\u017cy kierowa\u0107 drog\u0105 elektroniczn\u0105 na adres e-mail:\u00a0\u00a0rado@radoslawpiontek.com,\u00a0lub pisemnie na adres: RAD, ul. G\u00f3rska 4a\/39, 00-740 Warszawa.<\/p>\n<p>W\u00a0przypadkach,\u00a0w\u00a0kt\u00f3rych\u00a0nie\u00a0b\u0119dzie Pani\/Pan\u00a0usatysfakcjonowana\/y\u00a0odpowiedzi\u0105\u00a0udzielon\u0105\u00a0przez\u00a0RAD lub podj\u0119tymi dzia\u0142aniami, przys\u0142uguje Pani\/Panu prawo wniesienia skargi do organu nadzorczego, kt\u00f3rym jest Generalny Inspektor Ochrony Danych Osobowych (adres: Generalny Inspektor Ochrony Danych Osobowych, ul. Stawki 2, 00-193 Warszawa).<\/p>\n<p>&nbsp;<\/p>\n<p><strong>Uaktualnienia polityki ochrony prywatno\u015bci<\/strong><\/p>\n<p>Niniejsza wersja polityki prywatno\u015bci RAD obowi\u0105zuje od 25.05.2018.<\/p>\n<p>Wszelkie\u00a0uaktualnienia b\u0119d\u0105 wprowadzane pod tym adresem URL i b\u0119d\u0105 obowi\u0105zywa\u0107 od momentu publikacji. Prosimy zatem o regularne sprawdzanie zawarto\u015bci strony.<\/p>\n<p>&nbsp;<\/p>\n","protected":false},"excerpt":{"rendered":"<p>Polityka ochrony prywatno\u015bci &nbsp; W trosce o zachowanie prawa do prywatno\u015bci\u00a0klient\u00f3w i wsp\u00f3\u0142pracownik\u00f3w\u00a0RAD oraz wype\u0142nienia wymog\u00f3w wynikaj\u0105cych z przepis\u00f3w prawa, z siedzib\u0105 w Warszawie, adres korespondencyjny: ul. G\u00f3rska 4a\/39, 00-740 Warszawa, publikuje dokument, w kt\u00f3rym wyja\u015bnia i informuje o sposobie, w jaki dane przekazane przez klient\u00f3w, wsp\u00f3\u0142pracownik\u00f3w i u\u017cytkownik\u00f3w stron internetowych (zwanych dalej \u201eU\u017cytkownikami\u201d) s\u0105&hellip; <br \/> <a class=\"read-more\" href=\"http:\/\/radoslawpiontek.com\/index.php\/polityka-ochrony-prywatnosci\/\">Dowiedz si\u0119 wi\u0119cej<\/a><\/p>\n","protected":false},"author":1,"featured_media":0,"parent":0,"menu_order":0,"comment_status":"closed","ping_status":"closed","template":"","meta":{"content-type":"","footnotes":""},"class_list":["post-1117","page","type-page","status-publish","hentry"],"_links":{"self":[{"href":"http:\/\/radoslawpiontek.com\/index.php\/wp-json\/wp\/v2\/pages\/1117","targetHints":{"allow":["GET"]}}],"collection":[{"href":"http:\/\/radoslawpiontek.com\/index.php\/wp-json\/wp\/v2\/pages"}],"about":[{"href":"http:\/\/radoslawpiontek.com\/index.php\/wp-json\/wp\/v2\/types\/page"}],"author":[{"embeddable":true,"href":"http:\/\/radoslawpiontek.com\/index.php\/wp-json\/wp\/v2\/users\/1"}],"replies":[{"embeddable":true,"href":"http:\/\/radoslawpiontek.com\/index.php\/wp-json\/wp\/v2\/comments?post=1117"}],"version-history":[{"count":1,"href":"http:\/\/radoslawpiontek.com\/index.php\/wp-json\/wp\/v2\/pages\/1117\/revisions"}],"predecessor-version":[{"id":1119,"href":"http:\/\/radoslawpiontek.com\/index.php\/wp-json\/wp\/v2\/pages\/1117\/revisions\/1119"}],"wp:attachment":[{"href":"http:\/\/radoslawpiontek.com\/index.php\/wp-json\/wp\/v2\/media?parent=1117"}],"curies":[{"name":"wp","href":"https:\/\/api.w.org\/{rel}","templated":true}]}}